{"id":305,"date":"2024-09-18T10:56:04","date_gmt":"2024-09-18T10:56:04","guid":{"rendered":"https:\/\/innet.fi\/winhit\/?page_id=305"},"modified":"2024-09-18T11:16:38","modified_gmt":"2024-09-18T11:16:38","slug":"ohjevideot","status":"publish","type":"page","link":"https:\/\/innet.fi\/winhit\/ohjevideot\/","title":{"rendered":"Ohjevideot"},"content":{"rendered":"<div id=\"sp-page\" class=\"spBgcover sp-content-1\" style=\"background-color: rgb(255, 255, 255); font-family: 'Helvetica Neue', Arial, sans-serif; font-weight: 400; background-image: url('https:\/\/innet.fi\/winhit\/wp-content\/uploads\/sites\/3\/2024\/09\/bg_2024.png');\">\n<section id=\"sp-ks8a8s\" data-mobile-visibility=\"#sp-ks8a8s|false\" data-tablet-visibility=\"#sp-ks8a8s|false\" data-desktop-visibility=\"#sp-ks8a8s|false\" data-mobile-css=\"\" data-tablet-css=\"\" class=\"sp-el-section \" style=\"width: 100%; max-width: 100%; padding: 0px;\">\n<div id=\"sp-r9mk95\" data-mobile-visibility=\"#sp-r9mk95|false\" data-tablet-visibility=\"#sp-r9mk95|false\" data-desktop-visibility=\"#sp-r9mk95|false\" data-mobile-css=\"\" data-tablet-css=\"\" class=\"sp-el-row sp-w-full  sp-m-auto sm:sp-flex sp-justify-between\" style=\"padding: 0px; background-color: rgb(255, 255, 255); width: 100%; max-width: 100%; margin-bottom: -20px; border-radius: 0px;\">\n<div id=\"sp-oidims\" data-mobile-visibility=\"#sp-oidims|false\" data-tablet-visibility=\"#sp-oidims|false\" data-desktop-visibility=\"#sp-oidims|false\" data-mobile-css=\"\" data-tablet-css=\"\" class=\"sp-el-col  sp-w-full\" style=\"width: calc(50% + 0px);\">\n<div id=\"sp-button-parent-guh7ud\" data-mobile-css=\"#sp-button-parent-guh7ud|text-align:center;\" data-tablet-css=\"#sp-button-parent-guh7ud|text-align:center;\" class=\"sp-button-wrapper sp-el-block\" style=\"margin: 0px; text-align: right;\"><a href=\"https:\/\/innet.fi\/winhit\/ohjekirjat\" id=\"sp-guh7ud\" data-mobile-css=\"\" data-tablet-css=\"\" data-mobile-visibility=\".sp-button-guh7ud|false\" data-tablet-visibility=\".sp-button-guh7ud|false\" data-desktop-visibility=\".sp-button-guh7ud|false\" target=\"\" rel=\"noopener\" class=\"sp-button sp-css-target sp-text-center sp-inline-block sp-leading-none sp-button-guh7ud\" style=\"font-size: 15px; font-weight: 400; font-style: normal; background: linear-gradient(-180deg, rgb(30, 136, 229), rgb(23, 117, 200) 90%); color: rgb(255, 255, 255); width: auto; padding: 8px 12px; border-radius: 4px; border: 1px solid rgb(22, 109, 186); box-shadow: rgba(255, 255, 255, 0.2) 0px 1px 0px inset;\"><i class=\"sp-mr-2 fas fa-book-open\"><\/i><span style=\"font-family: 'Open Sans';\">&nbsp;Ohjekirjat<\/span><\/a><\/div>\n<\/div>\n<div id=\"sp-qk5hdz\" data-mobile-visibility=\"#sp-qk5hdz|false\" data-tablet-visibility=\"#sp-qk5hdz|false\" data-desktop-visibility=\"#sp-qk5hdz|false\" data-mobile-css=\"\" data-tablet-css=\"\" class=\"sp-el-col  sp-w-full\" style=\"width: calc(50% + 0px);\">\n<div id=\"sp-button-parent-c9rcth\" data-mobile-css=\"#sp-button-parent-c9rcth|text-align:center;\" data-tablet-css=\"#sp-button-parent-c9rcth|text-align:center;\" class=\"sp-button-wrapper sp-el-block\" style=\"margin: 0px; text-align: left;\"><a href=\"https:\/\/innet.fi\/winhit\/ohjevideot\" id=\"sp-c9rcth\" data-mobile-css=\"\" data-tablet-css=\"\" data-mobile-visibility=\".sp-button-c9rcth|false\" data-tablet-visibility=\".sp-button-c9rcth|false\" data-desktop-visibility=\".sp-button-c9rcth|false\" target=\"\" rel=\"noopener\" class=\"sp-button sp-css-target sp-text-center sp-inline-block sp-leading-none sp-button-c9rcth\" style=\"font-size: 15px; font-weight: 400; font-style: normal; background: linear-gradient(-180deg, rgb(39, 160, 60), rgb(32, 131, 49) 90%); color: rgb(255, 255, 255); width: auto; padding: 8px 12px; border-radius: 4px; border: 1px solid rgb(29, 119, 45); box-shadow: rgba(255, 255, 255, 0.2) 0px 1px 0px inset;\"><i class=\"sp-mr-2 fas fa-video\"><\/i><span style=\"font-family: 'Open Sans';\">Ohjevideot<\/span><\/a><\/div>\n<\/div>\n<\/div>\n<\/section>\n<section id=\"sp-mcxgtg\" data-mobile-visibility=\"#sp-mcxgtg|false\" data-tablet-visibility=\"#sp-mcxgtg|false\" data-desktop-visibility=\"#sp-mcxgtg|false\" data-mobile-css=\"\" data-tablet-css=\"\" class=\"sp-el-section \" style=\"width: 100%; max-width: 100%; padding: 0px; margin-top: 0px; margin-bottom: 0px;\">\n<div id=\"sp-u9yrs3\" data-mobile-visibility=\"#sp-u9yrs3|false\" data-tablet-visibility=\"#sp-u9yrs3|false\" data-desktop-visibility=\"#sp-u9yrs3|false\" data-mobile-css=\"\" data-tablet-css=\"\" class=\"sp-el-row sp-w-full  sp-m-auto sm:sp-flex sp-justify-between\" style=\"padding: 0px; width: 100%; max-width: 100%; margin-top: 0px; margin-bottom: 0px; border-radius: 0px;\"><\/div>\n<\/section>\n<section id=\"sp-rvfy9l\" data-mobile-visibility=\"#sp-rvfy9l|false\" data-tablet-visibility=\"#sp-rvfy9l|false\" data-desktop-visibility=\"#sp-rvfy9l|false\" data-mobile-css=\"\" data-tablet-css=\"\" class=\"sp-el-section \" style=\"width: 100%; max-width: 100%; margin-top: 50px; margin-bottom: 20px;\">\n<div id=\"sp-gpsl5n\" data-mobile-visibility=\"#sp-gpsl5n|false\" data-tablet-visibility=\"#sp-gpsl5n|false\" data-desktop-visibility=\"#sp-gpsl5n|false\" data-mobile-css=\"\" data-tablet-css=\"\" class=\"sp-el-row sp-w-full  sp-m-auto sm:sp-flex sp-justify-between\" style=\"width: auto; max-width: 1200px; background-color: rgb(255, 255, 255);\">\n<div id=\"sp-qcm049\" data-mobile-visibility=\"#sp-qcm049|false\" data-tablet-visibility=\"#sp-qcm049|false\" data-desktop-visibility=\"#sp-qcm049|false\" data-mobile-css=\"\" data-tablet-css=\"\" class=\"sp-el-col  sp-w-full\" style=\"width: calc(33.3333% + 0px);\">\n<div id=\"sp-h4rxih\" data-mobile-css=\"#sp-h4rxih|justify-content:center;\" data-tablet-css=\"#sp-h4rxih|justify-content:center;\" class=\"sp-video-control sp-flex sp-el-block\" style=\"justify-content: center; margin: 0px;\">\n<div data-mobile-visibility=\".sp-video-block-h4rxih|false\" data-tablet-visibility=\".sp-video-block-h4rxih|false\" data-desktop-visibility=\".sp-video-block-h4rxih|false\" class=\"sp-video-wrapper sp-video-block-h4rxih\" style=\"width: 100%; max-width: 100%;\">\n<div class=\"\">\n<div style=\"padding:56.25% 0 0 0;position:relative;\"><iframe src=\"https:\/\/player.vimeo.com\/video\/876313818?title=0&amp;byline=0&amp;portrait=0&amp;badge=0&amp;autopause=0&amp;player_id=0&amp;app_id=58479\" frameborder=\"0\" allow=\"autoplay; fullscreen; picture-in-picture; clipboard-write\" style=\"position:absolute;top:0;left:0;width:100%;height:100%;\" title=\"WinHIT - Tekstiviestin l\u00e4hett\u00e4minen\"><\/iframe><\/div>\n<p><script src=\"https:\/\/player.vimeo.com\/api\/player.js\"><\/script><\/div>\n<\/div>\n<\/div>\n<p><span href=\"\" target=\"\" rel=\"\" class=\"sp-header-block-link\" style=\"text-decoration: none;\"><\/p>\n<h1 id=\"sp-u2lwtg\" data-mobile-css=\".sp-headline-block-u2lwtg, #sp-u2lwtg, #u2lwtg|text-align:center;\" data-tablet-css=\".sp-headline-block-u2lwtg, #sp-u2lwtg, #u2lwtg|text-align:center;\" data-mobile-visibility=\".sp-headline-block-u2lwtg|false\" data-tablet-visibility=\".sp-headline-block-u2lwtg|false\" data-desktop-visibility=\".sp-headline-block-u2lwtg|false\" class=\"sp-css-target sp-el-block sp-headline-block-u2lwtg sp-type-header\" style=\"font-size: 16px; font-weight: 400; font-style: normal; font-family: Roboto; text-align: center; margin: 0px;\">Tekstiviestin l\u00e4hett\u00e4minen<\/h1>\n<p><\/span><\/div>\n<div id=\"sp-v22azb\" data-mobile-visibility=\"#sp-v22azb|false\" data-tablet-visibility=\"#sp-v22azb|false\" data-desktop-visibility=\"#sp-v22azb|false\" data-mobile-css=\"\" data-tablet-css=\"\" class=\"sp-el-col  sp-w-full\" style=\"width: calc(33.3333% + 0px);\">\n<div id=\"sp-o7i1a8\" data-mobile-css=\"#sp-o7i1a8|justify-content:center;\" data-tablet-css=\"#sp-o7i1a8|justify-content:center;\" class=\"sp-video-control sp-flex sp-el-block\" style=\"justify-content: center; margin: 0px;\">\n<div data-mobile-visibility=\".sp-video-block-o7i1a8|false\" data-tablet-visibility=\".sp-video-block-o7i1a8|false\" data-desktop-visibility=\".sp-video-block-o7i1a8|false\" class=\"sp-video-wrapper sp-video-block-o7i1a8\" style=\"width: 100%; max-width: 100%;\">\n<div class=\"\">\n<div style=\"padding:56.25% 0 0 0;position:relative;\"><iframe src=\"https:\/\/player.vimeo.com\/video\/876312815?title=0&amp;byline=0&amp;portrait=0&amp;badge=0&amp;autopause=0&amp;player_id=0&amp;app_id=58479\" frameborder=\"0\" allow=\"autoplay; fullscreen; picture-in-picture; clipboard-write\" style=\"position:absolute;top:0;left:0;width:100%;height:100%;\" title=\"WinHIT - Riskitiedon p\u00e4\u00e4tt\u00e4minen\"><\/iframe><\/div>\n<p><script src=\"https:\/\/player.vimeo.com\/api\/player.js\"><\/script><\/div>\n<\/div>\n<\/div>\n<p><span href=\"\" target=\"\" rel=\"\" class=\"sp-header-block-link\" style=\"text-decoration: none;\"><\/p>\n<h1 id=\"sp-idec36\" data-mobile-css=\".sp-headline-block-idec36, #sp-idec36, #idec36|text-align:center;\" data-tablet-css=\".sp-headline-block-idec36, #sp-idec36, #idec36|text-align:center;\" data-mobile-visibility=\".sp-headline-block-idec36|false\" data-tablet-visibility=\".sp-headline-block-idec36|false\" data-desktop-visibility=\".sp-headline-block-idec36|false\" class=\"sp-css-target sp-el-block sp-headline-block-idec36 sp-type-header\" style=\"font-size: 16px; font-weight: 400; font-style: normal; font-family: Roboto; text-align: center; margin: 0px;\">Riskitiedon p\u00e4\u00e4tt\u00e4minen<\/h1>\n<p><\/span><\/div>\n<div id=\"sp-we0j1z\" data-mobile-visibility=\"#sp-we0j1z|false\" data-tablet-visibility=\"#sp-we0j1z|false\" data-desktop-visibility=\"#sp-we0j1z|false\" data-mobile-css=\"\" data-tablet-css=\"\" class=\"sp-el-col  sp-w-full\" style=\"width: calc(33.3333% + 0px);\">\n<div id=\"sp-irms2m\" data-mobile-css=\"#sp-irms2m|justify-content:center;\" data-tablet-css=\"#sp-irms2m|justify-content:center;\" class=\"sp-video-control sp-flex sp-el-block\" style=\"justify-content: center; margin: 0px;\">\n<div data-mobile-visibility=\".sp-video-block-irms2m|false\" data-tablet-visibility=\".sp-video-block-irms2m|false\" data-desktop-visibility=\".sp-video-block-irms2m|false\" class=\"sp-video-wrapper sp-video-block-irms2m\" style=\"width: 100%; max-width: 100%;\">\n<div class=\"\">\n<div style=\"padding:56.25% 0 0 0;position:relative;\"><iframe src=\"https:\/\/player.vimeo.com\/video\/876311572?title=0&amp;byline=0&amp;portrait=0&amp;badge=0&amp;autopause=0&amp;player_id=0&amp;app_id=58479\" frameborder=\"0\" allow=\"autoplay; fullscreen; picture-in-picture; clipboard-write\" style=\"position:absolute;top:0;left:0;width:100%;height:100%;\" title=\"WinHIT - Riskitiedon kirjaus\"><\/iframe><\/div>\n<p><script src=\"https:\/\/player.vimeo.com\/api\/player.js\"><\/script><\/div>\n<\/div>\n<\/div>\n<p><span href=\"\" target=\"\" rel=\"\" class=\"sp-header-block-link\" style=\"text-decoration: none;\"><\/p>\n<h1 id=\"sp-m1u7gg\" data-mobile-css=\".sp-headline-block-m1u7gg, #sp-m1u7gg, #m1u7gg|text-align:center;\" data-tablet-css=\".sp-headline-block-m1u7gg, #sp-m1u7gg, #m1u7gg|text-align:center;\" data-mobile-visibility=\".sp-headline-block-m1u7gg|false\" data-tablet-visibility=\".sp-headline-block-m1u7gg|false\" data-desktop-visibility=\".sp-headline-block-m1u7gg|false\" class=\"sp-css-target sp-el-block sp-headline-block-m1u7gg sp-type-header\" style=\"font-size: 16px; font-weight: 400; font-style: normal; font-family: Roboto; text-align: center; margin: 0px;\">Riskitiedon kirjaus<\/h1>\n<p><\/span><\/div>\n<\/div>\n<\/section>\n<section id=\"sp-lcn8lj\" data-mobile-visibility=\"#sp-lcn8lj|false\" data-tablet-visibility=\"#sp-lcn8lj|false\" data-desktop-visibility=\"#sp-lcn8lj|false\" data-mobile-css=\"\" data-tablet-css=\"\" class=\"sp-el-section \" style=\"width: 100%; max-width: 100%; margin-top: 0px; margin-bottom: 0px;\">\n<div id=\"sp-z2idzy\" data-mobile-visibility=\"#sp-z2idzy|false\" data-tablet-visibility=\"#sp-z2idzy|false\" data-desktop-visibility=\"#sp-z2idzy|false\" data-mobile-css=\"\" data-tablet-css=\"\" class=\"sp-el-row sp-w-full  sp-m-auto sm:sp-flex sp-justify-between\" style=\"background-color: rgb(255, 255, 255); width: auto; max-width: 1200px;\">\n<div id=\"sp-j6uluk\" data-mobile-visibility=\"#sp-j6uluk|false\" data-tablet-visibility=\"#sp-j6uluk|false\" data-desktop-visibility=\"#sp-j6uluk|false\" data-mobile-css=\"\" data-tablet-css=\"\" class=\"sp-el-col  sp-w-full\" style=\"width: calc(33.3333% + 0px);\">\n<div id=\"sp-mkbf8i\" data-mobile-css=\"#sp-mkbf8i|justify-content:center;\" data-tablet-css=\"#sp-mkbf8i|justify-content:center;\" class=\"sp-video-control sp-flex sp-el-block\" style=\"justify-content: center; margin: 0px;\">\n<div data-mobile-visibility=\".sp-video-block-mkbf8i|false\" data-tablet-visibility=\".sp-video-block-mkbf8i|false\" data-desktop-visibility=\".sp-video-block-mkbf8i|false\" class=\"sp-video-wrapper sp-video-block-mkbf8i\" style=\"width: 100%; max-width: 100%;\">\n<div>\n<div style=\"padding:56.25% 0 0 0;position:relative;\"><iframe src=\"https:\/\/player.vimeo.com\/video\/859708195?title=0&amp;byline=0&amp;portrait=0&amp;badge=0&amp;autopause=0&amp;player_id=0&amp;app_id=58479\" frameborder=\"0\" allow=\"autoplay; fullscreen; picture-in-picture; clipboard-write\" style=\"position:absolute;top:0;left:0;width:100%;height:100%;\" title=\"WinHIT - Uuden asiakkaan luominen\"><\/iframe><\/div>\n<p><script src=\"https:\/\/player.vimeo.com\/api\/player.js\"><\/script><\/div>\n<\/div>\n<\/div>\n<p><span href=\"\" target=\"\" rel=\"\" class=\"sp-header-block-link\" style=\"text-decoration: none;\"><\/p>\n<h1 id=\"sp-xjx1pb\" data-mobile-css=\".sp-headline-block-xjx1pb, #sp-xjx1pb, #xjx1pb|text-align:center;\" data-tablet-css=\".sp-headline-block-xjx1pb, #sp-xjx1pb, #xjx1pb|text-align:center;\" data-mobile-visibility=\".sp-headline-block-xjx1pb|false\" data-tablet-visibility=\".sp-headline-block-xjx1pb|false\" data-desktop-visibility=\".sp-headline-block-xjx1pb|false\" class=\"sp-css-target sp-el-block sp-headline-block-xjx1pb sp-type-header\" style=\"font-size: 16px; font-weight: 400; font-style: normal; font-family: Roboto; text-align: center; margin: 0px;\">Uuden asiakkaan luominen<\/h1>\n<p><\/span><\/div>\n<div id=\"sp-r2rz0d\" data-mobile-visibility=\"#sp-r2rz0d|false\" data-tablet-visibility=\"#sp-r2rz0d|false\" data-desktop-visibility=\"#sp-r2rz0d|false\" data-mobile-css=\"\" data-tablet-css=\"\" class=\"sp-el-col  sp-w-full\" style=\"width: calc(33.3333% + 0px);\">\n<div id=\"sp-vmp4ch\" data-mobile-css=\"#sp-vmp4ch|justify-content:center;\" data-tablet-css=\"#sp-vmp4ch|justify-content:center;\" class=\"sp-video-control sp-flex sp-el-block\" style=\"justify-content: center; margin: 0px;\">\n<div data-mobile-visibility=\".sp-video-block-vmp4ch|false\" data-tablet-visibility=\".sp-video-block-vmp4ch|false\" data-desktop-visibility=\".sp-video-block-vmp4ch|false\" class=\"sp-video-wrapper sp-video-block-vmp4ch\" style=\"width: 100%; max-width: 100%;\">\n<div>\n<div style=\"padding:56.25% 0 0 0;position:relative;\"><iframe src=\"https:\/\/player.vimeo.com\/video\/867051433?title=0&amp;byline=0&amp;portrait=0&amp;badge=0&amp;autopause=0&amp;player_id=0&amp;app_id=58479\" frameborder=\"0\" allow=\"autoplay; fullscreen; picture-in-picture; clipboard-write\" style=\"position:absolute;top:0;left:0;width:100%;height:100%;\" title=\"WinHIT - Lomakkeiden k\u00e4ytt\u00f6\"><\/iframe><\/div>\n<p><script src=\"https:\/\/player.vimeo.com\/api\/player.js\"><\/script><\/div>\n<\/div>\n<\/div>\n<p><span href=\"\" target=\"\" rel=\"\" class=\"sp-header-block-link\" style=\"text-decoration: none;\"><\/p>\n<h1 id=\"sp-nu4y4w\" data-mobile-css=\".sp-headline-block-nu4y4w, #sp-nu4y4w, #nu4y4w|text-align:center;\" data-tablet-css=\".sp-headline-block-nu4y4w, #sp-nu4y4w, #nu4y4w|text-align:center;\" data-mobile-visibility=\".sp-headline-block-nu4y4w|false\" data-tablet-visibility=\".sp-headline-block-nu4y4w|false\" data-desktop-visibility=\".sp-headline-block-nu4y4w|false\" class=\"sp-css-target sp-el-block sp-headline-block-nu4y4w sp-type-header\" style=\"font-size: 16px; font-weight: 400; font-style: normal; font-family: Roboto; text-align: center; margin: 0px;\">Lomakkeiden k\u00e4ytt\u00f6<\/h1>\n<p><\/span><\/div>\n<div id=\"sp-ejausz\" data-mobile-visibility=\"#sp-ejausz|false\" data-tablet-visibility=\"#sp-ejausz|false\" data-desktop-visibility=\"#sp-ejausz|false\" data-mobile-css=\"\" data-tablet-css=\"\" class=\"sp-el-col  sp-w-full\" style=\"width: calc(33.3333% + 0px);\">\n<div id=\"sp-gn0toq\" data-mobile-css=\"#sp-gn0toq|justify-content:center;\" data-tablet-css=\"#sp-gn0toq|justify-content:center;\" class=\"sp-video-control sp-flex sp-el-block\" style=\"justify-content: center; margin: 0px;\">\n<div data-mobile-visibility=\".sp-video-block-gn0toq|false\" data-tablet-visibility=\".sp-video-block-gn0toq|false\" data-desktop-visibility=\".sp-video-block-gn0toq|false\" class=\"sp-video-wrapper sp-video-block-gn0toq\" style=\"width: 100%; max-width: 100%;\">\n<div>\n<div style=\"padding:56.25% 0 0 0;position:relative;\"><iframe src=\"https:\/\/player.vimeo.com\/video\/863848022?title=0&amp;byline=0&amp;portrait=0&amp;badge=0&amp;autopause=0&amp;player_id=0&amp;app_id=58479\" frameborder=\"0\" allow=\"autoplay; fullscreen; picture-in-picture; clipboard-write\" style=\"position:absolute;top:0;left:0;width:100%;height:100%;\" title=\"WinHIT - Diagnoosin ja k\u00e4yntisyyn kirjaus\"><\/iframe><\/div>\n<p><script src=\"https:\/\/player.vimeo.com\/api\/player.js\"><\/script><\/div>\n<\/div>\n<\/div>\n<p><span href=\"\" target=\"\" rel=\"\" class=\"sp-header-block-link\" style=\"text-decoration: none;\"><\/p>\n<h1 id=\"sp-xtsb7j\" data-mobile-css=\".sp-headline-block-xtsb7j, #sp-xtsb7j, #xtsb7j|text-align:center;\" data-tablet-css=\".sp-headline-block-xtsb7j, #sp-xtsb7j, #xtsb7j|text-align:center;\" data-mobile-visibility=\".sp-headline-block-xtsb7j|false\" data-tablet-visibility=\".sp-headline-block-xtsb7j|false\" data-desktop-visibility=\".sp-headline-block-xtsb7j|false\" class=\"sp-css-target sp-el-block sp-headline-block-xtsb7j sp-type-header\" style=\"font-size: 16px; font-weight: 400; font-style: normal; font-family: Roboto; text-align: center; margin: 0px;\">Diagnoosin ja k\u00e4yntisyyn kirjaus<\/h1>\n<p><\/span><\/div>\n<\/div>\n<\/section>\n<\/div>\n","protected":false},"excerpt":{"rendered":"<p>&nbsp;Ohjekirjat Ohjevideot Tekstiviestin l\u00e4hett\u00e4minen Riskitiedon p\u00e4\u00e4tt\u00e4minen Riskitiedon kirjaus Uuden asiakkaan luominen Lomakkeiden k\u00e4ytt\u00f6 Diagnoosin ja k\u00e4yntisyyn kirjaus<\/p>\n","protected":false},"author":1,"featured_media":0,"parent":0,"menu_order":0,"comment_status":"closed","ping_status":"closed","template":"","meta":{"footnotes":""},"class_list":["post-305","page","type-page","status-publish","hentry"],"_links":{"self":[{"href":"https:\/\/innet.fi\/winhit\/wp-json\/wp\/v2\/pages\/305","targetHints":{"allow":["GET"]}}],"collection":[{"href":"https:\/\/innet.fi\/winhit\/wp-json\/wp\/v2\/pages"}],"about":[{"href":"https:\/\/innet.fi\/winhit\/wp-json\/wp\/v2\/types\/page"}],"author":[{"embeddable":true,"href":"https:\/\/innet.fi\/winhit\/wp-json\/wp\/v2\/users\/1"}],"replies":[{"embeddable":true,"href":"https:\/\/innet.fi\/winhit\/wp-json\/wp\/v2\/comments?post=305"}],"version-history":[{"count":13,"href":"https:\/\/innet.fi\/winhit\/wp-json\/wp\/v2\/pages\/305\/revisions"}],"predecessor-version":[{"id":321,"href":"https:\/\/innet.fi\/winhit\/wp-json\/wp\/v2\/pages\/305\/revisions\/321"}],"wp:attachment":[{"href":"https:\/\/innet.fi\/winhit\/wp-json\/wp\/v2\/media?parent=305"}],"curies":[{"name":"wp","href":"https:\/\/api.w.org\/{rel}","templated":true}]}}